{"id":144,"date":"2019-08-16T11:08:46","date_gmt":"2019-08-16T09:08:46","guid":{"rendered":"http:\/\/wordpress.kreativbauernhof.at\/?page_id=144"},"modified":"2019-08-16T17:13:05","modified_gmt":"2019-08-16T15:13:05","slug":"inge-persoenlich","status":"publish","type":"page","link":"https:\/\/wordpress.kreativbauernhof.at\/?page_id=144","title":{"rendered":"Inge: Eine Selbstbeschreibung"},"content":{"rendered":"\n<div class=\"wp-block-image\"><figure class=\"alignright\"><img loading=\"lazy\" decoding=\"async\" width=\"300\" height=\"169\" src=\"http:\/\/wordpress.kreativbauernhof.at\/wp-content\/uploads\/2019\/08\/grete_bier-300x169.jpg\" alt=\"\" class=\"wp-image-80\" srcset=\"https:\/\/wordpress.kreativbauernhof.at\/wp-content\/uploads\/2019\/08\/grete_bier-300x169.jpg 300w, https:\/\/wordpress.kreativbauernhof.at\/wp-content\/uploads\/2019\/08\/grete_bier.jpg 600w\" sizes=\"(max-width: 300px) 100vw, 300px\" \/><figcaption> Mein gro\u00dfes Vorbild in ihrer fast unendlichen Gelassenheit und Lebensfreude ist meine Mama, liebevoll \u201eGrete-Oma\u201c genannt. Ohne sie w\u00e4re vieles nicht m\u00f6glich gewesen! <\/figcaption><\/figure><\/div>\n\n\n\n<ul><li>Besuch der HBLA Schr\u00f6dinger in Graz (\u201eEntenschule\u201c) &#8211; allgemeines Wissen jeglicher Art, aber ohne die leiseste Ahnung, wie und wof\u00fcr man es anwenden k\u00f6nnte \u2026<\/li><li>Lehrabschlusspr\u00fcfung f\u00fcr Damenkleidermacher &#8211; schon mehr Perspektiven!<\/li><li>30 Jahre im Verkauf von Stoffen und Konfektion, Einzelhandel<\/li><li>Viele Patchworkkurse bei <a href=\"http:\/\/www.kreativbauernhof.at\/kontaktinfo_links.html\">Margit Ropic<\/a>, meiner \u201egro\u00dfen Meisterin\u201c, in Leibnitz<\/li><li>Filzkurse bei <a href=\"http:\/\/www.kreativbauernhof.at\/kontaktinfo_links.html\">Monika Reindl<\/a> (Verein \u201eWollgenuss\u201c)<\/li><li>Schafz\u00fcchterkurs beim L\u00e4ndlichen Fortbildungsinstitut LFI<\/li><\/ul>\n\n\n\n<p>Aufgewachsen auf einem kleinen Bauernhof mit dem Ziel, die Gro\u00dffamilie mit Lebensmitteln zu versorgen. Leben im Jahreskreis &#8211;  Anbauen, ernten, genie\u00dfen, konservieren und erhalten (Saatgut, altes  Wissen, alte Handwerkstechniken, Umwelt und Lebensraum). Auch im Winter  gemeinsam mit Oma und Mama zu n\u00e4hen und zu stricken. Entspannen,  nachdenken, mit der Seele baumeln ist f\u00fcr mich: mit den H\u00e4nden etwas  Kreatives zu schaffen (vom Socken stricken bis zum Erd\u00e4pfel anh\u00e4ufeln). <br>Mein Motto ist: Nimm von der Umwelt nur, was du unbedingt brauchst, und gib ihr auch etwas zur\u00fcck.<\/p>\n","protected":false},"excerpt":{"rendered":"<p>Besuch der HBLA Schr\u00f6dinger in Graz (\u201eEntenschule\u201c) &#8211; allgemeines Wissen jeglicher Art, aber ohne die leiseste Ahnung, wie und wof\u00fcr man es anwenden k\u00f6nnte \u2026 Lehrabschlusspr\u00fcfung f\u00fcr Damenkleidermacher &#8211; schon mehr Perspektiven! 30 Jahre im Verkauf von Stoffen und Konfektion, &hellip; <a href=\"https:\/\/wordpress.kreativbauernhof.at\/?page_id=144\">Weiterlesen <span class=\"meta-nav\">&rarr;<\/span><\/a><\/p>\n","protected":false},"author":1,"featured_media":43,"parent":0,"menu_order":0,"comment_status":"closed","ping_status":"closed","template":"onecolumn-page.php","meta":{"footnotes":""},"_links":{"self":[{"href":"https:\/\/wordpress.kreativbauernhof.at\/index.php?rest_route=\/wp\/v2\/pages\/144"}],"collection":[{"href":"https:\/\/wordpress.kreativbauernhof.at\/index.php?rest_route=\/wp\/v2\/pages"}],"about":[{"href":"https:\/\/wordpress.kreativbauernhof.at\/index.php?rest_route=\/wp\/v2\/types\/page"}],"author":[{"embeddable":true,"href":"https:\/\/wordpress.kreativbauernhof.at\/index.php?rest_route=\/wp\/v2\/users\/1"}],"replies":[{"embeddable":true,"href":"https:\/\/wordpress.kreativbauernhof.at\/index.php?rest_route=%2Fwp%2Fv2%2Fcomments&post=144"}],"version-history":[{"count":5,"href":"https:\/\/wordpress.kreativbauernhof.at\/index.php?rest_route=\/wp\/v2\/pages\/144\/revisions"}],"predecessor-version":[{"id":212,"href":"https:\/\/wordpress.kreativbauernhof.at\/index.php?rest_route=\/wp\/v2\/pages\/144\/revisions\/212"}],"wp:featuredmedia":[{"embeddable":true,"href":"https:\/\/wordpress.kreativbauernhof.at\/index.php?rest_route=\/wp\/v2\/media\/43"}],"wp:attachment":[{"href":"https:\/\/wordpress.kreativbauernhof.at\/index.php?rest_route=%2Fwp%2Fv2%2Fmedia&parent=144"}],"curies":[{"name":"wp","href":"https:\/\/api.w.org\/{rel}","templated":true}]}}