{"id":162,"date":"2019-08-16T11:31:00","date_gmt":"2019-08-16T09:31:00","guid":{"rendered":"http:\/\/wordpress.kreativbauernhof.at\/?page_id=162"},"modified":"2021-11-01T09:05:05","modified_gmt":"2021-11-01T08:05:05","slug":"unsere-philosophie","status":"publish","type":"page","link":"https:\/\/wordpress.kreativbauernhof.at\/?page_id=162","title":{"rendered":"Unsere Philosophie"},"content":{"rendered":"\n<p class=\"has-small-font-size\">Recycling, Upcycling und Nachhaltigkeit sind unsere Leitbegriffe.<br>Unser Ziel ist es, m\u00f6glichst wenig  wegzuwerfen. Viele Dinge, die wir im Alltag im Gebrauch haben, bestehen  aus hochwertigen Materialien oder enthalten wiederverwendbare  Komponenten (vorausgesetzt, man hat schon zu Anfang keinen Billigschund  gekauft, der letztlich nicht einmal die paar Cent wert ist, die man  bezahlt). <\/p>\n\n\n\n<figure class=\"wp-block-image size-large\"><img loading=\"lazy\" decoding=\"async\" width=\"1024\" height=\"812\" src=\"http:\/\/wordpress.kreativbauernhof.at\/wp-content\/uploads\/2021\/04\/IMG_20210420_164230-1024x812.jpg\" alt=\"Stammtisch\" class=\"wp-image-314\" srcset=\"https:\/\/wordpress.kreativbauernhof.at\/wp-content\/uploads\/2021\/04\/IMG_20210420_164230-1024x812.jpg 1024w, https:\/\/wordpress.kreativbauernhof.at\/wp-content\/uploads\/2021\/04\/IMG_20210420_164230-300x238.jpg 300w, https:\/\/wordpress.kreativbauernhof.at\/wp-content\/uploads\/2021\/04\/IMG_20210420_164230-768x609.jpg 768w, https:\/\/wordpress.kreativbauernhof.at\/wp-content\/uploads\/2021\/04\/IMG_20210420_164230.jpg 1200w\" sizes=\"(max-width: 1024px) 100vw, 1024px\" \/><figcaption>Wiederverwertung anders gedacht: Ein Starter-Zahnkranz, der bei der Reparatur des Traktors angefallen ist, hindert als dekorative Einlegearbeit den grob aus einem St\u00fcck gearbeiteten Tisch am Zerspringen.<\/figcaption><\/figure>\n\n\n\n<p class=\"has-small-font-size\">Im einfachsten Fall kann man Komponenten  wiederverwerten. Im schon etwas komplizierteren, aber noch besseren Fall  entsteht etwas v\u00f6llig neues, besseres, sch\u00f6neres \u2013 so verarbeitet  Ingeborg zum Beispiel auf Wunsch Jeans, die nicht mehr passen, zu  Handtaschen, oder zu klein gewordene Hemden zu Patchworkdecken. <br>Christian wiederum arbeitet nicht mehr  gebrauchte Holzm\u00f6bel, Fundst\u00fccke aus der Natur oder St\u00fccke aus einem  liebgewordenen, aber gef\u00e4llten Baum in Dekorationsobjekte um. Und was  spricht dagegen, aus einer defekten Waschmaschine Trommel und Motor  auszubauen, bevor sie am Sperrm\u00fcll landen? Daraus kann man doch eine  perfekte Kompostsiebmaschine bauen \u2026 Da trifft es sich sehr gut, dass Christian leidenschaftlich repariert und bastelt.<\/p>\n","protected":false},"excerpt":{"rendered":"<p>Recycling, Upcycling und Nachhaltigkeit sind unsere Leitbegriffe.Unser Ziel ist es, m\u00f6glichst wenig wegzuwerfen. Viele Dinge, die wir im Alltag im Gebrauch haben, bestehen aus hochwertigen Materialien oder enthalten wiederverwendbare Komponenten (vorausgesetzt, man hat schon zu Anfang keinen Billigschund gekauft, der &hellip; <a href=\"https:\/\/wordpress.kreativbauernhof.at\/?page_id=162\">Weiterlesen <span class=\"meta-nav\">&rarr;<\/span><\/a><\/p>\n","protected":false},"author":1,"featured_media":37,"parent":0,"menu_order":0,"comment_status":"closed","ping_status":"closed","template":"onecolumn-page.php","meta":{"footnotes":""},"_links":{"self":[{"href":"https:\/\/wordpress.kreativbauernhof.at\/index.php?rest_route=\/wp\/v2\/pages\/162"}],"collection":[{"href":"https:\/\/wordpress.kreativbauernhof.at\/index.php?rest_route=\/wp\/v2\/pages"}],"about":[{"href":"https:\/\/wordpress.kreativbauernhof.at\/index.php?rest_route=\/wp\/v2\/types\/page"}],"author":[{"embeddable":true,"href":"https:\/\/wordpress.kreativbauernhof.at\/index.php?rest_route=\/wp\/v2\/users\/1"}],"replies":[{"embeddable":true,"href":"https:\/\/wordpress.kreativbauernhof.at\/index.php?rest_route=%2Fwp%2Fv2%2Fcomments&post=162"}],"version-history":[{"count":7,"href":"https:\/\/wordpress.kreativbauernhof.at\/index.php?rest_route=\/wp\/v2\/pages\/162\/revisions"}],"predecessor-version":[{"id":335,"href":"https:\/\/wordpress.kreativbauernhof.at\/index.php?rest_route=\/wp\/v2\/pages\/162\/revisions\/335"}],"wp:featuredmedia":[{"embeddable":true,"href":"https:\/\/wordpress.kreativbauernhof.at\/index.php?rest_route=\/wp\/v2\/media\/37"}],"wp:attachment":[{"href":"https:\/\/wordpress.kreativbauernhof.at\/index.php?rest_route=%2Fwp%2Fv2%2Fmedia&parent=162"}],"curies":[{"name":"wp","href":"https:\/\/api.w.org\/{rel}","templated":true}]}}