{"id":165,"date":"2019-08-16T11:35:00","date_gmt":"2019-08-16T09:35:00","guid":{"rendered":"http:\/\/wordpress.kreativbauernhof.at\/?page_id=165"},"modified":"2019-08-16T17:24:43","modified_gmt":"2019-08-16T15:24:43","slug":"unser-bekenntnis-zur-nachhaltigkeit","status":"publish","type":"page","link":"https:\/\/wordpress.kreativbauernhof.at\/?page_id=165","title":{"rendered":"Unser Bekenntnis zur Nachhaltigkeit"},"content":{"rendered":"\n<p class=\"has-small-font-size\">Wir sind \u00fcberzeugt davon, dass man der Erde nicht \nmehr wegnehmen darf, als man ihr geben kann. Das gilt \u00f6rtlich (zum \nBeispiel in der N\u00e4hrstoffab- und -zufuhr am Ackerboden), aber auch zeitlich (zum Beispiel in der eigenen Lebensbilanz). <\/p>\n\n\n\n<div class=\"wp-block-image\"><figure class=\"alignright\"><img loading=\"lazy\" decoding=\"async\" width=\"300\" height=\"225\" src=\"http:\/\/wordpress.kreativbauernhof.at\/wp-content\/uploads\/2019\/08\/solar-1-300x225.jpg\" alt=\"\" class=\"wp-image-127\" srcset=\"https:\/\/wordpress.kreativbauernhof.at\/wp-content\/uploads\/2019\/08\/solar-1-300x225.jpg 300w, https:\/\/wordpress.kreativbauernhof.at\/wp-content\/uploads\/2019\/08\/solar-1-768x576.jpg 768w, https:\/\/wordpress.kreativbauernhof.at\/wp-content\/uploads\/2019\/08\/solar-1.jpg 800w\" sizes=\"(max-width: 300px) 100vw, 300px\" \/><figcaption>15 KWp solare W\u00e4rmeenergie <\/figcaption><\/figure><\/div>\n\n\n\n<p class=\"has-small-font-size\">Wir sind \u00fcberzeugt davon, dass \nLandwirtschaft mehr ist als blo\u00dfe Produktion von Nahrungsmitteln und \nRohstoffen. Sie ist zugleich Erhaltung einer lebenswerten Umgebung und \nvon gro\u00dfer Bedeutung f\u00fcr die Lebensqualit\u00e4t aller Menschen. <\/p>\n\n\n\n<p class=\"has-small-font-size\">Wir sind \u00fcberzeugt davon, dass wir \nVerantwortung \u00fcber unseren unmittelbaren Bereich und \u00fcber unsere \nLebenszeit hinaus \u00fcbernehmen m\u00fcssen, sei es durch den Einsatz von \nschonenden Prinzipien im Ackerbau, sei es in der fairen Tierhaltung, sei\n es durch den massiven Einsatz von Alternativenergien.<\/p>\n\n\n\n<p class=\"has-small-font-size\">Wir sind \u00fcberzeugt davon, dass es auf der \nWelt \u201eNehmer\u201c und \u201eGeber\u201c gibt. Der Weg der \u201eNehmer\u201c ist zwar ein \neinfacherer, aber wir versuchen den schwierigeren der \u201eGeber\u201c zu gehen.<\/p>\n","protected":false},"excerpt":{"rendered":"<p>Wir sind \u00fcberzeugt davon, dass man der Erde nicht mehr wegnehmen darf, als man ihr geben kann. Das gilt \u00f6rtlich (zum Beispiel in der N\u00e4hrstoffab- und -zufuhr am Ackerboden), aber auch zeitlich (zum Beispiel in der eigenen Lebensbilanz). Wir sind &hellip; <a href=\"https:\/\/wordpress.kreativbauernhof.at\/?page_id=165\">Weiterlesen <span class=\"meta-nav\">&rarr;<\/span><\/a><\/p>\n","protected":false},"author":1,"featured_media":40,"parent":0,"menu_order":0,"comment_status":"closed","ping_status":"closed","template":"onecolumn-page.php","meta":{"footnotes":""},"_links":{"self":[{"href":"https:\/\/wordpress.kreativbauernhof.at\/index.php?rest_route=\/wp\/v2\/pages\/165"}],"collection":[{"href":"https:\/\/wordpress.kreativbauernhof.at\/index.php?rest_route=\/wp\/v2\/pages"}],"about":[{"href":"https:\/\/wordpress.kreativbauernhof.at\/index.php?rest_route=\/wp\/v2\/types\/page"}],"author":[{"embeddable":true,"href":"https:\/\/wordpress.kreativbauernhof.at\/index.php?rest_route=\/wp\/v2\/users\/1"}],"replies":[{"embeddable":true,"href":"https:\/\/wordpress.kreativbauernhof.at\/index.php?rest_route=%2Fwp%2Fv2%2Fcomments&post=165"}],"version-history":[{"count":4,"href":"https:\/\/wordpress.kreativbauernhof.at\/index.php?rest_route=\/wp\/v2\/pages\/165\/revisions"}],"predecessor-version":[{"id":237,"href":"https:\/\/wordpress.kreativbauernhof.at\/index.php?rest_route=\/wp\/v2\/pages\/165\/revisions\/237"}],"wp:featuredmedia":[{"embeddable":true,"href":"https:\/\/wordpress.kreativbauernhof.at\/index.php?rest_route=\/wp\/v2\/media\/40"}],"wp:attachment":[{"href":"https:\/\/wordpress.kreativbauernhof.at\/index.php?rest_route=%2Fwp%2Fv2%2Fmedia&parent=165"}],"curies":[{"name":"wp","href":"https:\/\/api.w.org\/{rel}","templated":true}]}}