{"id":173,"date":"2019-08-16T11:39:52","date_gmt":"2019-08-16T09:39:52","guid":{"rendered":"http:\/\/wordpress.kreativbauernhof.at\/?page_id=173"},"modified":"2019-08-16T17:13:05","modified_gmt":"2019-08-16T15:13:05","slug":"was-wir-tun","status":"publish","type":"page","link":"https:\/\/wordpress.kreativbauernhof.at\/?page_id=173","title":{"rendered":"Was wir tun"},"content":{"rendered":"\n<p class=\"has-small-font-size\"><strong><a href=\"http:\/\/wordpress.kreativbauernhof.at\/?page_id=175\">Dinkel, Dinkelreis, Dinkelvollkornmehl, Polster mit Dinkelspelzen<\/a><\/strong><a href=\"http:\/\/wordpress.kreativbauernhof.at\/?page_id=175\"><br>Unser Dinkel ist schon etwas Besonderes: Er wird seit 40 Jahren auf unserem Hof angebaut, von eigenem Saatgut und&#8230;  <\/a><\/p>\n\n\n\n<div class=\"wp-block-image\"><figure class=\"alignright\"><img loading=\"lazy\" decoding=\"async\" width=\"300\" height=\"277\" src=\"http:\/\/wordpress.kreativbauernhof.at\/wp-content\/uploads\/2019\/08\/patchwork_polster-300x277.jpg\" alt=\"\" class=\"wp-image-123\" srcset=\"https:\/\/wordpress.kreativbauernhof.at\/wp-content\/uploads\/2019\/08\/patchwork_polster-300x277.jpg 300w, https:\/\/wordpress.kreativbauernhof.at\/wp-content\/uploads\/2019\/08\/patchwork_polster-768x708.jpg 768w, https:\/\/wordpress.kreativbauernhof.at\/wp-content\/uploads\/2019\/08\/patchwork_polster.jpg 800w\" sizes=\"(max-width: 300px) 100vw, 300px\" \/><\/figure><\/div>\n\n\n\n<p class=\"has-small-font-size\"><strong><a href=\"http:\/\/wordpress.kreativbauernhof.at\/?page_id=178\">K\u00fcrbiskerne, K\u00fcrbiskern\u00f6l<\/a><\/strong><a href=\"http:\/\/wordpress.kreativbauernhof.at\/?page_id=178\"><br> Unser \u00d6lk\u00fcrbis ist schon ebenso lang bei uns am Hof wie der Dinkel: Seit 40 Jahren wird im Rhythmus des Fruchtwechsels&#8230; <\/a><\/p>\n\n\n\n<p class=\"has-small-font-size\"><strong><a href=\"http:\/\/wordpress.kreativbauernhof.at\/?page_id=180\">Patchworkarbeiten<\/a><\/strong><a href=\"http:\/\/wordpress.kreativbauernhof.at\/?page_id=180\"><br>In jedem einzelnen St\u00fcck, das Ingeborg fertigt, stecken Stunden an Kreativit\u00e4t und sorgf\u00e4ltiger Verarbeitung\u2026 <\/a>\u00a0<\/p>\n","protected":false},"excerpt":{"rendered":"<p>Dinkel, Dinkelreis, Dinkelvollkornmehl, Polster mit DinkelspelzenUnser Dinkel ist schon etwas Besonderes: Er wird seit 40 Jahren auf unserem Hof angebaut, von eigenem Saatgut und&#8230; K\u00fcrbiskerne, K\u00fcrbiskern\u00f6l Unser \u00d6lk\u00fcrbis ist schon ebenso lang bei uns am Hof wie der Dinkel: Seit &hellip; <a href=\"https:\/\/wordpress.kreativbauernhof.at\/?page_id=173\">Weiterlesen <span class=\"meta-nav\">&rarr;<\/span><\/a><\/p>\n","protected":false},"author":1,"featured_media":33,"parent":0,"menu_order":0,"comment_status":"closed","ping_status":"closed","template":"onecolumn-page.php","meta":{"footnotes":""},"_links":{"self":[{"href":"https:\/\/wordpress.kreativbauernhof.at\/index.php?rest_route=\/wp\/v2\/pages\/173"}],"collection":[{"href":"https:\/\/wordpress.kreativbauernhof.at\/index.php?rest_route=\/wp\/v2\/pages"}],"about":[{"href":"https:\/\/wordpress.kreativbauernhof.at\/index.php?rest_route=\/wp\/v2\/types\/page"}],"author":[{"embeddable":true,"href":"https:\/\/wordpress.kreativbauernhof.at\/index.php?rest_route=\/wp\/v2\/users\/1"}],"replies":[{"embeddable":true,"href":"https:\/\/wordpress.kreativbauernhof.at\/index.php?rest_route=%2Fwp%2Fv2%2Fcomments&post=173"}],"version-history":[{"count":2,"href":"https:\/\/wordpress.kreativbauernhof.at\/index.php?rest_route=\/wp\/v2\/pages\/173\/revisions"}],"predecessor-version":[{"id":186,"href":"https:\/\/wordpress.kreativbauernhof.at\/index.php?rest_route=\/wp\/v2\/pages\/173\/revisions\/186"}],"wp:featuredmedia":[{"embeddable":true,"href":"https:\/\/wordpress.kreativbauernhof.at\/index.php?rest_route=\/wp\/v2\/media\/33"}],"wp:attachment":[{"href":"https:\/\/wordpress.kreativbauernhof.at\/index.php?rest_route=%2Fwp%2Fv2%2Fmedia&parent=173"}],"curies":[{"name":"wp","href":"https:\/\/api.w.org\/{rel}","templated":true}]}}