{"id":178,"date":"2019-08-16T11:44:46","date_gmt":"2019-08-16T09:44:46","guid":{"rendered":"http:\/\/wordpress.kreativbauernhof.at\/?page_id=178"},"modified":"2019-08-16T17:13:05","modified_gmt":"2019-08-16T15:13:05","slug":"kuerbiskerne-kernoel-erdaepfel","status":"publish","type":"page","link":"https:\/\/wordpress.kreativbauernhof.at\/?page_id=178","title":{"rendered":"K\u00fcrbiskerne, Kern\u00f6l, Erd\u00e4pfel"},"content":{"rendered":"\n<p class=\"has-small-font-size\">Der steirische \u00d6lk\u00fcrbis ist \neine einzige Erfolgsgeschichte, sowohl als Kern als auch als dessen \nwichtigstes Veredelungsprodukt, das Kern\u00f6l. Inzwischen ist es so \ngefragt, dass es schon vielfach kopiert wird und einzelne Produzenten \nauf im benachbarten Ausland angebaute \u00d6lk\u00fcrbisse setzen (sind die dann \nnoch echte Steirer?) oder gar Kerne aus dem fernen Osten importieren und\n verarbeiten.<\/p>\n\n\n\n<div class=\"wp-block-image\"><figure class=\"alignright\"><img loading=\"lazy\" decoding=\"async\" width=\"250\" height=\"271\" src=\"http:\/\/wordpress.kreativbauernhof.at\/wp-content\/uploads\/2019\/08\/kuerbis_1-1.jpg\" alt=\"\" class=\"wp-image-112\"\/><figcaption>Eine Patchwork-Hommage an die Quelle des &#8222;schwarzen Goldes&#8220;<\/figcaption><\/figure><\/div>\n\n\n\n<p class=\"has-small-font-size\">Unser \u00d6lk\u00fcrbis ist schon \nebenso lang bei uns am Hof wie der Dinkel: Seit 40 Jahren wird im \nRhythmus des Fruchtwechsels angepflanzt, gej\u00e4tet, gehackt und gepflegt, \ndamit am Ende eine gute Ernte eingefahren werden kann. Wir haben noch \njeden K\u00fcrbiskern buchst\u00e4blich selbst in der Hand, denn geerntet wird \nnach alter Sitte am Feld und mit dem K\u00fcrbis auf den Knien. Nach dem \naufw\u00e4ndigen Wasch- und Trocknungsprozess werden die Kerne verlesen:\n Die besten und sch\u00f6nsten werden als Saatgut f\u00fcr das n\u00e4chste Jahr \nzur\u00fcckbehalten; einige Kilos werden als \u201eKnabberkerne\u201c verpackt, und der\n Rest wird trocken und dunkel gelagert, um im Laufe der Zeit zu \u00d6l \nverpresst zu werden.<\/p>\n\n\n\n<p class=\"has-small-font-size\">Unser K\u00fcrbiskern\u00f6l ist ein \nfrisches Produkt: Je nach Bedarf fahren wir mit der entsprechenden Menge\n Kerne zur \u00d6lm\u00fchle und lassen genau die Menge fertigen, die wir \nbrauchen. Sollte etwas \u00fcbrig bleiben, verkaufen wir es, aber nur an \nMenschen, die ein solches Produkt auch zu sch\u00e4tzen wissen. Wir arbeiten \nin der Herstellung des K\u00fcrbiskern\u00f6ls mit der <a href=\"http:\/\/haindlmuehle.eu\" target=\"_blank\" rel=\"noreferrer noopener\">\u00d6lm\u00fchle Haindl<\/a> in Kalsdorf zusammen.<\/p>\n","protected":false},"excerpt":{"rendered":"<p>Der steirische \u00d6lk\u00fcrbis ist eine einzige Erfolgsgeschichte, sowohl als Kern als auch als dessen wichtigstes Veredelungsprodukt, das Kern\u00f6l. Inzwischen ist es so gefragt, dass es schon vielfach kopiert wird und einzelne Produzenten auf im benachbarten Ausland angebaute \u00d6lk\u00fcrbisse setzen (sind &hellip; <a href=\"https:\/\/wordpress.kreativbauernhof.at\/?page_id=178\">Weiterlesen <span class=\"meta-nav\">&rarr;<\/span><\/a><\/p>\n","protected":false},"author":1,"featured_media":24,"parent":0,"menu_order":0,"comment_status":"closed","ping_status":"closed","template":"onecolumn-page.php","meta":{"footnotes":""},"_links":{"self":[{"href":"https:\/\/wordpress.kreativbauernhof.at\/index.php?rest_route=\/wp\/v2\/pages\/178"}],"collection":[{"href":"https:\/\/wordpress.kreativbauernhof.at\/index.php?rest_route=\/wp\/v2\/pages"}],"about":[{"href":"https:\/\/wordpress.kreativbauernhof.at\/index.php?rest_route=\/wp\/v2\/types\/page"}],"author":[{"embeddable":true,"href":"https:\/\/wordpress.kreativbauernhof.at\/index.php?rest_route=\/wp\/v2\/users\/1"}],"replies":[{"embeddable":true,"href":"https:\/\/wordpress.kreativbauernhof.at\/index.php?rest_route=%2Fwp%2Fv2%2Fcomments&post=178"}],"version-history":[{"count":1,"href":"https:\/\/wordpress.kreativbauernhof.at\/index.php?rest_route=\/wp\/v2\/pages\/178\/revisions"}],"predecessor-version":[{"id":179,"href":"https:\/\/wordpress.kreativbauernhof.at\/index.php?rest_route=\/wp\/v2\/pages\/178\/revisions\/179"}],"wp:featuredmedia":[{"embeddable":true,"href":"https:\/\/wordpress.kreativbauernhof.at\/index.php?rest_route=\/wp\/v2\/media\/24"}],"wp:attachment":[{"href":"https:\/\/wordpress.kreativbauernhof.at\/index.php?rest_route=%2Fwp%2Fv2%2Fmedia&parent=178"}],"curies":[{"name":"wp","href":"https:\/\/api.w.org\/{rel}","templated":true}]}}