{"id":190,"date":"2019-08-16T11:56:45","date_gmt":"2019-08-16T09:56:45","guid":{"rendered":"http:\/\/wordpress.kreativbauernhof.at\/?page_id=190"},"modified":"2021-11-01T09:07:39","modified_gmt":"2021-11-01T08:07:39","slug":"impressum","status":"publish","type":"page","link":"https:\/\/wordpress.kreativbauernhof.at\/?page_id=190","title":{"rendered":"Impressum"},"content":{"rendered":"\n<p class=\"has-small-font-size\">Diese Seiten sollen \u00fcber die Ausrichtung und  T\u00e4tigkeit von Familie Ingeborg und Christian Wessely im  landwirtschaftlichen und k\u00fcnstlerischen Bereich informieren. <\/p>\n\n\n\n<div class=\"wp-block-media-text alignwide is-stacked-on-mobile\"><figure class=\"wp-block-media-text__media\"><img loading=\"lazy\" decoding=\"async\" width=\"300\" height=\"198\" src=\"http:\/\/wordpress.kreativbauernhof.at\/wp-content\/uploads\/2021\/04\/IMG_20210420_163624-300x198.jpg\" alt=\"\" class=\"wp-image-316 size-medium\" srcset=\"https:\/\/wordpress.kreativbauernhof.at\/wp-content\/uploads\/2021\/04\/IMG_20210420_163624-300x198.jpg 300w, https:\/\/wordpress.kreativbauernhof.at\/wp-content\/uploads\/2021\/04\/IMG_20210420_163624-1024x677.jpg 1024w, https:\/\/wordpress.kreativbauernhof.at\/wp-content\/uploads\/2021\/04\/IMG_20210420_163624-768x508.jpg 768w, https:\/\/wordpress.kreativbauernhof.at\/wp-content\/uploads\/2021\/04\/IMG_20210420_163624.jpg 1200w\" sizes=\"(max-width: 300px) 100vw, 300px\" \/><\/figure><div class=\"wp-block-media-text__content\">\n<p class=\"has-small-font-size\">F\u00fcr den Inhalt verantwortlich: <br>Ingeborg Wessely, Birkengreith 87, <br>A-8076 Vasoldsberg. <\/p>\n\n\n\n<p class=\"has-small-font-size\">Homepage und technische Administration: <br>Christian Wessely, Adresse w.o.<\/p>\n\n\n\n<p class=\"has-small-font-size\">F\u00fcr die Inhalte verlinkter Seiten wird keine Verantwortung \u00fcbernommen. <\/p>\n<\/div><\/div>\n\n\n\n<p class=\"has-small-font-size\">Bildnachweis: Alle nicht eigens  gekennzeichneten Fotos sind Privatfotos der Familie Wessely und  unterliegen dem entsprechenden urheberrechtlichen Schutz. Sie sind  ausdr\u00fccklich nicht zur Reproduktion freigegeben.<\/p>\n","protected":false},"excerpt":{"rendered":"<p>Diese Seiten sollen \u00fcber die Ausrichtung und T\u00e4tigkeit von Familie Ingeborg und Christian Wessely im landwirtschaftlichen und k\u00fcnstlerischen Bereich informieren. F\u00fcr den Inhalt verantwortlich: Ingeborg Wessely, Birkengreith 87, A-8076 Vasoldsberg. Homepage und technische Administration: Christian Wessely, Adresse w.o. F\u00fcr die &hellip; <a href=\"https:\/\/wordpress.kreativbauernhof.at\/?page_id=190\">Weiterlesen <span class=\"meta-nav\">&rarr;<\/span><\/a><\/p>\n","protected":false},"author":1,"featured_media":35,"parent":0,"menu_order":0,"comment_status":"closed","ping_status":"closed","template":"onecolumn-page.php","meta":{"footnotes":""},"_links":{"self":[{"href":"https:\/\/wordpress.kreativbauernhof.at\/index.php?rest_route=\/wp\/v2\/pages\/190"}],"collection":[{"href":"https:\/\/wordpress.kreativbauernhof.at\/index.php?rest_route=\/wp\/v2\/pages"}],"about":[{"href":"https:\/\/wordpress.kreativbauernhof.at\/index.php?rest_route=\/wp\/v2\/types\/page"}],"author":[{"embeddable":true,"href":"https:\/\/wordpress.kreativbauernhof.at\/index.php?rest_route=\/wp\/v2\/users\/1"}],"replies":[{"embeddable":true,"href":"https:\/\/wordpress.kreativbauernhof.at\/index.php?rest_route=%2Fwp%2Fv2%2Fcomments&post=190"}],"version-history":[{"count":13,"href":"https:\/\/wordpress.kreativbauernhof.at\/index.php?rest_route=\/wp\/v2\/pages\/190\/revisions"}],"predecessor-version":[{"id":337,"href":"https:\/\/wordpress.kreativbauernhof.at\/index.php?rest_route=\/wp\/v2\/pages\/190\/revisions\/337"}],"wp:featuredmedia":[{"embeddable":true,"href":"https:\/\/wordpress.kreativbauernhof.at\/index.php?rest_route=\/wp\/v2\/media\/35"}],"wp:attachment":[{"href":"https:\/\/wordpress.kreativbauernhof.at\/index.php?rest_route=%2Fwp%2Fv2%2Fmedia&parent=190"}],"curies":[{"name":"wp","href":"https:\/\/api.w.org\/{rel}","templated":true}]}}