{"id":195,"date":"2019-08-16T13:57:26","date_gmt":"2019-08-16T11:57:26","guid":{"rendered":"http:\/\/wordpress.kreativbauernhof.at\/?page_id=195"},"modified":"2023-08-09T10:59:30","modified_gmt":"2023-08-09T08:59:30","slug":"partner","status":"publish","type":"page","link":"https:\/\/wordpress.kreativbauernhof.at\/?page_id=195","title":{"rendered":"Partner, mit denen wir zusammenarbeiten"},"content":{"rendered":"\n<p class=\"has-small-font-size\">In der Landwirtschaft schafft man es nicht im Alleingang. Wir haben das Gl\u00fcck, mit vielen sehr netten Familien(betrieben) zusammenarbeiten zu d\u00fcrfen, von denen wir hier einige anf\u00fchren:<\/p>\n\n\n\n<p class=\"has-small-font-size\"><a href=\"http:\/\/www.biohof-renner.at\/\">Der Biohof Renner &#8211; Vollprofis in Sachen Dinkelverarbeitung und ein feiner Hofladen, der immer einen Besuch wert ist!<\/a><\/p>\n\n\n\n<p class=\"has-small-font-size\"><a href=\"http:\/\/www.herold.at\/telefonbuch\/vasoldsberg_schemerltal_3\/2ST79\/rupert_voit\/\">Ingrid und Rupert Voit &#8211; die Allrounder f\u00fcr Nahrungsmittel und Dienstleistungen. Kleiner, aber feiner Ab-Hof-Verkauf ihrer eigenen Produkte und denen einiger Freunde.<\/a><\/p>\n\n\n\n<p class=\"has-small-font-size\"><a href=\"http:\/\/www.rm-patchwork.com\/\">Margit Ropic betreibt in Leibnitz ein  Fachgesch\u00e4ft f\u00fcr Patchwork, Quilt und \u00e4hnliches. Sie veranstaltet auch  Kurse f\u00fcr Anf\u00e4nger und Fortgeschrittene!<\/a><\/p>\n\n\n\n<p class=\"has-small-font-size\"><a href=\"http:\/\/www.wollgenuss.at\/\">Der Verein Wollgenuss und besonders Monika Reindl hat sich zum Ziel gesetzt, die zwischendurch fast vergessene Kunst der Be- und Verarbeitung von Schafwolle wieder in Erinnerung zu rufen und lebendig zu halten.<\/a><\/p>\n\n\n\n<p class=\"has-small-font-size\"><a href=\"http:\/\/www.handl-fruchtsaft.at\/\">Die Familie Handl produziert auf ihrem Hof s\u00fcd\u00f6stlich von Nestelbach bei Graz eine besondere Art von Fruchts\u00e4ften &#8211; sozusagen fl\u00fcssiges Obst von unvergleichlicher Qualit\u00e4t!<\/a><\/p>\n\n\n\n<p class=\"has-small-font-size\"><a href=\"https:\/\/www.wollkrampus.at\/\" data-type=\"link\" data-id=\"https:\/\/www.wollkrampus.at\/\">Der &#8222;Wollkrampus&#8220; in Fl\u00f6cking bei Gleisdorf ist das un\u00fcbertroffene Fachgesch\u00e4ft f\u00fcr alles, was mit &#8211; erraten! &#8211; Wolle zusammenh\u00e4ngt. Auch die Beratung ist dort die beste, die man sich w\u00fcnschen kann!<\/a><\/p>\n\n\n","protected":false},"excerpt":{"rendered":"<p>In der Landwirtschaft schafft man es nicht im Alleingang. Wir haben das Gl\u00fcck, mit vielen sehr netten Familien(betrieben) zusammenarbeiten zu d\u00fcrfen, von denen wir hier einige anf\u00fchren: Der Biohof Renner &#8211; Vollprofis in Sachen Dinkelverarbeitung und ein feiner Hofladen, der &hellip; <a href=\"https:\/\/wordpress.kreativbauernhof.at\/?page_id=195\">Weiterlesen <span class=\"meta-nav\">&rarr;<\/span><\/a><\/p>\n","protected":false},"author":1,"featured_media":32,"parent":0,"menu_order":0,"comment_status":"closed","ping_status":"closed","template":"onecolumn-page.php","meta":{"footnotes":""},"_links":{"self":[{"href":"https:\/\/wordpress.kreativbauernhof.at\/index.php?rest_route=\/wp\/v2\/pages\/195"}],"collection":[{"href":"https:\/\/wordpress.kreativbauernhof.at\/index.php?rest_route=\/wp\/v2\/pages"}],"about":[{"href":"https:\/\/wordpress.kreativbauernhof.at\/index.php?rest_route=\/wp\/v2\/types\/page"}],"author":[{"embeddable":true,"href":"https:\/\/wordpress.kreativbauernhof.at\/index.php?rest_route=\/wp\/v2\/users\/1"}],"replies":[{"embeddable":true,"href":"https:\/\/wordpress.kreativbauernhof.at\/index.php?rest_route=%2Fwp%2Fv2%2Fcomments&post=195"}],"version-history":[{"count":6,"href":"https:\/\/wordpress.kreativbauernhof.at\/index.php?rest_route=\/wp\/v2\/pages\/195\/revisions"}],"predecessor-version":[{"id":349,"href":"https:\/\/wordpress.kreativbauernhof.at\/index.php?rest_route=\/wp\/v2\/pages\/195\/revisions\/349"}],"wp:featuredmedia":[{"embeddable":true,"href":"https:\/\/wordpress.kreativbauernhof.at\/index.php?rest_route=\/wp\/v2\/media\/32"}],"wp:attachment":[{"href":"https:\/\/wordpress.kreativbauernhof.at\/index.php?rest_route=%2Fwp%2Fv2%2Fmedia&parent=195"}],"curies":[{"name":"wp","href":"https:\/\/api.w.org\/{rel}","templated":true}]}}